{"id":4365,"date":"2020-10-13T17:20:24","date_gmt":"2020-10-13T17:20:24","guid":{"rendered":"https:\/\/sekkaworld.com\/hizmetler\/"},"modified":"2024-02-13T06:26:05","modified_gmt":"2024-02-13T06:26:05","slug":"hizmetler","status":"publish","type":"page","link":"https:\/\/sekkaworld.com\/en\/hizmetler\/","title":{"rendered":"Services"},"content":{"rendered":"\t\t<div data-elementor-type=\"wp-page\" data-elementor-id=\"4365\" class=\"elementor elementor-4365 elementor-48\">\n\t\t\t\t\t\t\t\t\t<section class=\"elementor-section elementor-top-section elementor-element elementor-element-111c179 elementor-section-full_width elementor-section-height-default elementor-section-height-default\" data-id=\"111c179\" data-element_type=\"section\">\n\t\t\t\t\t\t<div class=\"elementor-container elementor-column-gap-default\">\n\t\t\t\t\t<div class=\"elementor-column elementor-col-100 elementor-top-column elementor-element elementor-element-a1ae226\" data-id=\"a1ae226\" data-element_type=\"column\">\n\t\t\t<div class=\"elementor-widget-wrap elementor-element-populated\">\n\t\t\t\t\t\t\t\t<div class=\"elementor-element elementor-element-6840197 elementor-widget elementor-widget-Our_Services_V2\" data-id=\"6840197\" data-element_type=\"widget\" data-widget_type=\"Our_Services_V2.default\">\n\t\t\t\t<div class=\"elementor-widget-container\">\n\t\t\t\t\r\n    <!--Services Section-->\r\n    <section class=\"services-section\">\r\n        <div class=\"auto-container\">\r\n                        <div class=\"sec-title centered\">\r\n                <div class=\"title\">Our Services<\/div>\r\n                <h2>Whats Our Offers<\/h2>\r\n                <div class=\"seperater\"><\/div>\r\n                            <\/div>\r\n                        \r\n            <div class=\"row clearfix\">\r\n                                <!--Services Block-->\r\n                <div class=\"services-block col-lg-4 col-md-6 col-sm-12\">\r\n                    <div class=\"inner-box\" style=\"background-image:url('https:\/\/sekkaworld.com\/wp-content\/uploads\/2019\/01\/Ana_gorsel-scaled.jpg')\">\r\n                        <div class=\"icon-box\">\r\n                            <span class=\"\"><\/span>\r\n                        <\/div>\r\n                        <h3><a href=\"https:\/\/sekkaworld.com\/en\/sekka_hizmet\/kalici-eser-restorasyonu\/\">Permanent Work Restoration<\/a><\/h3>\r\n                        <div class=\"text\">Permanent Work Restoration Upon the customer's request, deficiencies and damages of&hellip;<\/div>\r\n                    <\/div>\r\n                <\/div>\r\n                                <!--Services Block-->\r\n                <div class=\"services-block col-lg-4 col-md-6 col-sm-12\">\r\n                    <div class=\"inner-box\" style=\"background-image:url('https:\/\/sekkaworld.com\/wp-content\/uploads\/2019\/01\/IMG_5716-scaled.jpg')\">\r\n                        <div class=\"icon-box\">\r\n                            <span class=\"\"><\/span>\r\n                        <\/div>\r\n                        <h3><a href=\"https:\/\/sekkaworld.com\/en\/sekka_hizmet\/su-kuyusu-bakim-ve-onarim\/\">Maintenance and Repair<\/a><\/h3>\r\n                        <div class=\"text\">Maintenance and Repair In wells and fountains covered by the warranty,&hellip;<\/div>\r\n                    <\/div>\r\n                <\/div>\r\n                                <!--Services Block-->\r\n                <div class=\"services-block col-lg-4 col-md-6 col-sm-12\">\r\n                    <div class=\"inner-box\" style=\"background-image:url('https:\/\/sekkaworld.com\/wp-content\/uploads\/2019\/01\/Konum-Tespiti.jpeg')\">\r\n                        <div class=\"icon-box\">\r\n                            <span class=\"\"><\/span>\r\n                        <\/div>\r\n                        <h3><a href=\"https:\/\/sekkaworld.com\/en\/sekka_hizmet\/konum-ve-hasar-tespiti\/\">Location and Damage Detection<\/a><\/h3>\r\n                        <div class=\"text\">Location and Domage detection\u00a0 If requested, the current locations of wells&hellip;<\/div>\r\n                    <\/div>\r\n                <\/div>\r\n                                <!--Services Block-->\r\n                <div class=\"services-block col-lg-4 col-md-6 col-sm-12\">\r\n                    <div class=\"inner-box\" style=\"background-image:url('https:\/\/sekkaworld.com\/wp-content\/uploads\/2019\/01\/Resim3.jpg')\">\r\n                        <div class=\"icon-box\">\r\n                            <span class=\"\"><\/span>\r\n                        <\/div>\r\n                        <h3><a href=\"https:\/\/sekkaworld.com\/en\/sekka_hizmet\/denetim\/\">Audit<\/a><\/h3>\r\n                        <div class=\"text\">Audit Existing wells are regularly audited and reported at specified intervals.&hellip;<\/div>\r\n                    <\/div>\r\n                <\/div>\r\n                            <\/div>\r\n        <\/div>\r\n    <\/section>\r\n    <!--End Services Section-->\r\n    \r\n\t\t<\/div>\n\t\t\t\t<\/div>\n\t\t\t\t\t<\/div>\n\t\t<\/div>\n\t\t\t\t\t\t\t<\/div>\n\t\t<\/section>\n\t\t\t\t\t\t\t<\/div>\n\t\t","protected":false},"excerpt":{"rendered":"<p>Our Services Whats Our Offers Kal\u0131c\u0131 Eser Restorasyonu M\u00fc\u015fterimizin talebi do\u011frultusunda, in\u015fas\u0131 ba\u015flat\u0131lm\u0131\u015f ancak tamamlanmam\u0131\u015f projelerin ya da hasar&hellip; Hasar Tespiti Sed ut perspiciatis unde omnis iste natus error sit voluptatem accusantium&hellip; Bak\u0131m ve Onar\u0131m Garanti kapmas\u0131nda bulunan kuyu ve \u015fad\u0131rvanlarda suyun akmas\u0131na engel olacak herhangi&hellip; Konum ve Hasar Tespiti Talep edildi\u011fi takdirde, \u00fclkelerdeki kuyular\u0131n [&hellip;]<\/p>\n","protected":false},"author":1,"featured_media":0,"parent":0,"menu_order":0,"comment_status":"closed","ping_status":"closed","template":"tpl-default-elementor.php","meta":{"footnotes":""},"class_list":["post-4365","page","type-page","status-publish","hentry"],"_links":{"self":[{"href":"https:\/\/sekkaworld.com\/en\/wp-json\/wp\/v2\/pages\/4365","targetHints":{"allow":["GET"]}}],"collection":[{"href":"https:\/\/sekkaworld.com\/en\/wp-json\/wp\/v2\/pages"}],"about":[{"href":"https:\/\/sekkaworld.com\/en\/wp-json\/wp\/v2\/types\/page"}],"author":[{"embeddable":true,"href":"https:\/\/sekkaworld.com\/en\/wp-json\/wp\/v2\/users\/1"}],"replies":[{"embeddable":true,"href":"https:\/\/sekkaworld.com\/en\/wp-json\/wp\/v2\/comments?post=4365"}],"version-history":[{"count":4,"href":"https:\/\/sekkaworld.com\/en\/wp-json\/wp\/v2\/pages\/4365\/revisions"}],"predecessor-version":[{"id":4584,"href":"https:\/\/sekkaworld.com\/en\/wp-json\/wp\/v2\/pages\/4365\/revisions\/4584"}],"wp:attachment":[{"href":"https:\/\/sekkaworld.com\/en\/wp-json\/wp\/v2\/media?parent=4365"}],"curies":[{"name":"wp","href":"https:\/\/api.w.org\/{rel}","templated":true}]}}