{"id":4590,"date":"2020-10-13T17:17:30","date_gmt":"2020-10-13T17:17:30","guid":{"rendered":"https:\/\/sekkaworld.com\/iletisim\/"},"modified":"2024-02-13T06:47:01","modified_gmt":"2024-02-13T06:47:01","slug":"iletisim","status":"publish","type":"page","link":"https:\/\/sekkaworld.com\/en\/iletisim\/","title":{"rendered":"\u0130leti\u015fim"},"content":{"rendered":"\t\t<div data-elementor-type=\"wp-page\" data-elementor-id=\"4590\" class=\"elementor elementor-4590 elementor-40\">\n\t\t\t\t\t\t\t\t\t<section class=\"elementor-section elementor-top-section elementor-element elementor-element-c0b0226 elementor-section-full_width elementor-section-height-default elementor-section-height-default\" data-id=\"c0b0226\" data-element_type=\"section\">\n\t\t\t\t\t\t<div class=\"elementor-container elementor-column-gap-default\">\n\t\t\t\t\t<div class=\"elementor-column elementor-col-100 elementor-top-column elementor-element elementor-element-04ee42e\" data-id=\"04ee42e\" data-element_type=\"column\">\n\t\t\t<div class=\"elementor-widget-wrap elementor-element-populated\">\n\t\t\t\t\t\t\t\t<div class=\"elementor-element elementor-element-63cbc94 elementor-widget elementor-widget-Contact_Us_Form\" data-id=\"63cbc94\" data-element_type=\"widget\" data-widget_type=\"Contact_Us_Form.default\">\n\t\t\t\t<div class=\"elementor-widget-container\">\n\t\t\t\r\n<!--Contact Form Section-->\r\n<section class=\"contact-form-section\">\r\n    <div class=\"auto-container\">\r\n        <!--Title Box-->\r\n        <div class=\"title-box\">\r\n            <div class=\"title\">Write a message<\/div>\r\n            <h2>Do you have questions?<\/h2>\r\n            <div class=\"text\">\u015eirketimize ve hizmetlerimize g\u00f6sterdi\u011finiz ilgi i\u00e7in \u00e7ok te\u015fekk\u00fcr ederiz ve herhangi bir sorunuz varsa, l\u00fctfen \u015fimdi bize bir mesaj yaz\u0131n!<\/div>\r\n        <\/div>\r\n        \r\n        <!--Contact Form-->\r\n        <div class=\"contact-form\">\r\n            \n<div class=\"wpcf7 no-js\" id=\"wpcf7-f2214-o1\" lang=\"tr-TR\" dir=\"ltr\">\n<div class=\"screen-reader-response\"><p role=\"status\" aria-live=\"polite\" aria-atomic=\"true\"><\/p> <ul><\/ul><\/div>\n<form action=\"\/en\/wp-json\/wp\/v2\/pages\/4590#wpcf7-f2214-o1\" method=\"post\" class=\"wpcf7-form init\" aria-label=\"Contact form\" novalidate=\"novalidate\" data-status=\"init\">\n<div style=\"display: none;\">\n<input type=\"hidden\" name=\"_wpcf7\" value=\"2214\" \/>\n<input type=\"hidden\" name=\"_wpcf7_version\" value=\"5.8\" \/>\n<input type=\"hidden\" name=\"_wpcf7_locale\" value=\"tr_TR\" \/>\n<input type=\"hidden\" name=\"_wpcf7_unit_tag\" value=\"wpcf7-f2214-o1\" \/>\n<input type=\"hidden\" name=\"_wpcf7_container_post\" value=\"0\" \/>\n<input type=\"hidden\" name=\"_wpcf7_posted_data_hash\" value=\"\" \/>\n<\/div>\n<div class=\"row clearfix\">\n\t<div class=\"form-group col-lg-6 col-md-6 col-sm-12\">\n\t\t<p><input type=\"text\" name=\"firstname\" value=\"\" placeholder=\"Ad\u0131n\u0131z\" required \/>\n\t\t<\/p>\n\t<\/div>\n\t<div class=\"form-group col-lg-6 col-md-6 col-sm-12\">\n\t\t<p><input type=\"email\" name=\"email\" value=\"\" placeholder=\"E-Posta\" required \/>\n\t\t<\/p>\n\t<\/div>\n\t<div class=\"form-group col-lg-12 col-md-12 col-sm-12\">\n\t\t<p><textarea name=\"message\" placeholder=\"Mesaj\u0131n\u0131z\u0131 buraya yaz\u0131n\"><\/textarea>\n\t\t<\/p>\n\t<\/div>\n\t<div class=\"form-group text-center col-lg-12 col-md-12 col-sm-12\">\n\t\t<p><button type=\"submit\" class=\"theme-btn message-btn\">G\u00d6NDER<\/button>\n\t\t<\/p>\n\t<\/div>\n<\/div><div class=\"wpcf7-response-output\" aria-hidden=\"true\"><\/div>\n<\/form>\n<\/div>\n        <\/div>\r\n        <!--End Contact Form-->\r\n\r\n    <\/div>\r\n<\/section>\r\n<!--End Contact Form Section-->\t\t<\/div>\n\t\t\t\t<\/div>\n\t\t\t\t\t<\/div>\n\t\t<\/div>\n\t\t\t\t\t\t\t<\/div>\n\t\t<\/section>\n\t\t\t\t<section class=\"elementor-section elementor-top-section elementor-element elementor-element-374b1b5 elementor-section-full_width elementor-section-height-default elementor-section-height-default\" data-id=\"374b1b5\" data-element_type=\"section\">\n\t\t\t\t\t\t<div class=\"elementor-container elementor-column-gap-default\">\n\t\t\t\t\t<div class=\"elementor-column elementor-col-100 elementor-top-column elementor-element elementor-element-b2fe002\" data-id=\"b2fe002\" data-element_type=\"column\">\n\t\t\t<div class=\"elementor-widget-wrap elementor-element-populated\">\n\t\t\t\t\t\t\t\t<div class=\"elementor-element elementor-element-b4a9366 elementor-widget elementor-widget-Contact_Info_V2\" data-id=\"b4a9366\" data-element_type=\"widget\" data-widget_type=\"Contact_Info_V2.default\">\n\t\t\t\t<div class=\"elementor-widget-container\">\n\t\t\t\r\n<!--Contact Page Info Section-->\r\n<div class=\"contact-page-info-section\">\r\n\r\n    <div class=\"auto-container\">\r\n        <div class=\"row clearfix\">\r\n            \r\n            <!--Info Column-->\r\n            <div class=\"info-column col-lg-6 col-md-12 col-sm-12\">\r\n                <div class=\"inner-column\">\r\n                    <div class=\"sec-title\">\r\n                        <div class=\"title\">Contact us<\/div>\r\n                        <h2>Get in touch<\/h2>\r\n                    <\/div>\r\n                    <div class=\"text\"><\/div>\r\n                    \r\n                    <ul class=\"list-style-two\">\r\n                                                <li><span class=\"icon fa fa fa-phone\"><\/span> +90 212 524 3240<\/li>\r\n                                                <li><span class=\"icon fa fa fa-envelope\"><\/span>info@sekkaworld.com<\/li>\r\n                                                <li><span class=\"icon fa fa fa-clock-o\"><\/span>102 Akdeniz Street, Ak\u015femsettin District, 34080 \u0130stanbul, Turkey<\/li>\r\n                                            <\/ul>\r\n                    \r\n                    <ul class=\"social-icon-two\">\r\n                        <li class=\"follow\">Follow on: <\/li>\r\n                        \t                            <li><a href=\"https:\/\/www.facebook.com\/\"><span class=\"fa fa fa-facebook\"><\/span><\/a><\/li>\r\n                                                    <li><a href=\"https:\/\/www.twitter.com\/\"><span class=\"fa fa fa-twitter\"><\/span><\/a><\/li>\r\n                                                    <li><a href=\"https:\/\/www.linkedin.com\/\"><span class=\"fa fa fa-linkedin\"><\/span><\/a><\/li>\r\n                                                    <li><a href=\"https:\/\/www.skype.com\/\"><span class=\"fa fa fa-skype\"><\/span><\/a><\/li>\r\n                                                    <li><a href=\"https:\/\/www.pinterest.com\/\"><span class=\"fa fa fa-pinterest\"><\/span><\/a><\/li>\r\n                                            <\/ul>\r\n                <\/div>\r\n            <\/div>\r\n            \r\n            <!--Map Column-->\r\n            <div class=\"map-column col-lg-6 col-md-12 col-sm-12\">\r\n                <div class=\"inner-column\">\r\n                    \r\n                    <!--Map Outer-->\r\n                    <div class=\"map-outer\">\r\n                        <!--Map Canvas-->\r\n                        <div class=\"map-canvas\">\r\n                            <iframe src=\"https:\/\/www.google.com\/maps\/embed?pb=!1m18!1m12!1m3!1d188.14817538438163!2d28.942442713680236!3d41.01714280834328!2m3!1f0!2f0!3f0!3m2!1i1024!2i768!4f13.1!3m3!1m2!1s0x14cabbcd49eff745%3A0xe9f7231d72b0a349!2sSEKKA%20WORLD!5e0!3m2!1str!2str!4v1691585402685!5m2!1str!2str\" width=\"600\" height=\"450\" style=\"border:0;\" allowfullscreen=\"\" loading=\"lazy\" referrerpolicy=\"no-referrer-when-downgrade\"><\/iframe>                        <\/div>\r\n                    <\/div>\r\n                    \r\n                <\/div>\r\n            <\/div>\r\n            \r\n        <\/div>\r\n    <\/div>\r\n<\/div>\r\n<!-- End Contact Page Info Section -->\t\t<\/div>\n\t\t\t\t<\/div>\n\t\t\t\t\t<\/div>\n\t\t<\/div>\n\t\t\t\t\t\t\t<\/div>\n\t\t<\/section>\n\t\t\t\t\t\t\t<\/div>\n\t\t","protected":false},"excerpt":{"rendered":"<p>Write a message Do you have questions? \u015eirketimize ve hizmetlerimize g\u00f6sterdi\u011finiz ilgi i\u00e7in \u00e7ok te\u015fekk\u00fcr ederiz ve herhangi bir sorunuz varsa, l\u00fctfen \u015fimdi bize bir mesaj yaz\u0131n! G\u00d6NDER Contact us Get in touch +90 212 524 3240 info@sekkaworld.com 102 Akdeniz Street, Ak\u015femsettin District, 34080 \u0130stanbul, Turkey Takip et:<\/p>\n","protected":false},"author":1,"featured_media":0,"parent":0,"menu_order":0,"comment_status":"closed","ping_status":"closed","template":"tpl-default-elementor.php","meta":{"footnotes":""},"class_list":["post-4590","page","type-page","status-publish","hentry"],"_links":{"self":[{"href":"https:\/\/sekkaworld.com\/en\/wp-json\/wp\/v2\/pages\/4590","targetHints":{"allow":["GET"]}}],"collection":[{"href":"https:\/\/sekkaworld.com\/en\/wp-json\/wp\/v2\/pages"}],"about":[{"href":"https:\/\/sekkaworld.com\/en\/wp-json\/wp\/v2\/types\/page"}],"author":[{"embeddable":true,"href":"https:\/\/sekkaworld.com\/en\/wp-json\/wp\/v2\/users\/1"}],"replies":[{"embeddable":true,"href":"https:\/\/sekkaworld.com\/en\/wp-json\/wp\/v2\/comments?post=4590"}],"version-history":[{"count":4,"href":"https:\/\/sekkaworld.com\/en\/wp-json\/wp\/v2\/pages\/4590\/revisions"}],"predecessor-version":[{"id":4600,"href":"https:\/\/sekkaworld.com\/en\/wp-json\/wp\/v2\/pages\/4590\/revisions\/4600"}],"wp:attachment":[{"href":"https:\/\/sekkaworld.com\/en\/wp-json\/wp\/v2\/media?parent=4590"}],"curies":[{"name":"wp","href":"https:\/\/api.w.org\/{rel}","templated":true}]}}