{"id":4283,"date":"2020-10-13T17:15:52","date_gmt":"2020-10-13T17:15:52","guid":{"rendered":"https:\/\/sekkaworld.com\/hakkimizda\/"},"modified":"2024-02-15T08:12:41","modified_gmt":"2024-02-15T08:12:41","slug":"a-propos-de-nous","status":"publish","type":"page","link":"https:\/\/sekkaworld.com\/fr\/a-propos-de-nous\/","title":{"rendered":"\u00c0 propos de nous"},"content":{"rendered":"\t\t<div data-elementor-type=\"wp-page\" data-elementor-id=\"4283\" class=\"elementor elementor-4283 elementor-35\">\n\t\t\t\t\t\t\t\t\t<section class=\"elementor-section elementor-top-section elementor-element elementor-element-1a4e3b7 elementor-section-full_width elementor-section-height-default elementor-section-height-default\" data-id=\"1a4e3b7\" data-element_type=\"section\">\n\t\t\t\t\t\t<div class=\"elementor-container elementor-column-gap-default\">\n\t\t\t\t\t<div class=\"elementor-column elementor-col-100 elementor-top-column elementor-element elementor-element-5bc06fc\" data-id=\"5bc06fc\" data-element_type=\"column\">\n\t\t\t<div class=\"elementor-widget-wrap elementor-element-populated\">\n\t\t\t\t\t\t\t\t<div class=\"elementor-element elementor-element-c69a840 elementor-widget elementor-widget-spacer\" data-id=\"c69a840\" data-element_type=\"widget\" data-widget_type=\"spacer.default\">\n\t\t\t\t<div class=\"elementor-widget-container\">\n\t\t\t<style>\/*! elementor - v3.15.0 - 02-08-2023 *\/\n.elementor-column .elementor-spacer-inner{height:var(--spacer-size)}.e-con{--container-widget-width:100%}.e-con-inner>.elementor-widget-spacer,.e-con>.elementor-widget-spacer{width:var(--container-widget-width,var(--spacer-size));--align-self:var(--container-widget-align-self,initial);--flex-shrink:0}.e-con-inner>.elementor-widget-spacer>.elementor-widget-container,.e-con-inner>.elementor-widget-spacer>.elementor-widget-container>.elementor-spacer,.e-con>.elementor-widget-spacer>.elementor-widget-container,.e-con>.elementor-widget-spacer>.elementor-widget-container>.elementor-spacer{height:100%}.e-con-inner>.elementor-widget-spacer>.elementor-widget-container>.elementor-spacer>.elementor-spacer-inner,.e-con>.elementor-widget-spacer>.elementor-widget-container>.elementor-spacer>.elementor-spacer-inner{height:var(--container-widget-height,var(--spacer-size))}<\/style>\t\t<div class=\"elementor-spacer\">\n\t\t\t<div class=\"elementor-spacer-inner\"><\/div>\n\t\t<\/div>\n\t\t\t\t<\/div>\n\t\t\t\t<\/div>\n\t\t\t\t<div class=\"elementor-element elementor-element-58805ba elementor-widget elementor-widget-About_Us\" data-id=\"58805ba\" data-element_type=\"widget\" data-widget_type=\"About_Us.default\">\n\t\t\t\t<div class=\"elementor-widget-container\">\n\t\t\t\r\n\r\n<!-- About Section -->\r\n<section class=\"about-section\" style=\"background-image: url(https:\/\/sekkaworld.com\/wp-content\/uploads\/2023\/10\/IMG_5325-scaled-e1696418511308.jpeg);\">\r\n    <div class=\"auto-container\">\r\n        <div class=\"row no-gutters\">\r\n            <!-- Image Column -->\r\n            <div class=\"image-column col-lg-6 col-md-12 col-sm-12\">\r\n                <div class=\"inner-column\">\r\n                    <div class=\"title-box wow fadeInLeft\" data-wow-delay='1200ms'>\r\n                        <h2><\/h2>\r\n                    <\/div>\r\n                                    <\/div>\r\n            <\/div>\r\n\r\n            <!-- Content Column -->\r\n            <div class=\"content-column col-lg-6 col-md-12 col-sm-12\">\r\n                <div class=\"inner-column wow fadeInLeft\">\r\n                    <div class=\"content-box\">\r\n                        <div class=\"sec-title\">\r\n                            <h2>Qui somme-nous<\/h2>\r\n                        <\/div>\r\n                        <div class=\"text\">Depuis sa cr\u00e9ation, Sekka World a r\u00e9alis\u00e9 de nombreux projets de d\u00e9veloppement et de soutien \u00e0 l&#039;\u00e9chelle internationale, en particulier dans les pays africains. Sekka World, fournissant ses services \u00e0 de nombreuses institutions priv\u00e9es et gouvernementales, principalement des organisations non gouvernementales, entretient plus de soixante partenariats \u00e0 l&#039;\u00e9tranger. Elle apporte \u00e0 l&#039;humanit\u00e9 des travaux permanents tels que des projets d&#039;eau, des fontaines, des \u00e9coles, des dortoirs, des madrasas, des mosqu\u00e9es, des projets agricoles et des complexes sociaux avec ses responsables des op\u00e9rations pays qui sont experts dans leur domaine et ses travailleurs des champs exp\u00e9riment\u00e9s qui connaissent bien la r\u00e9gion dans laquelle ils travaillent. <\/div>\r\n                                            <\/div>\r\n                <\/div>\r\n            <\/div>\r\n        <\/div>\r\n    <\/div>\r\n<\/section>\r\n<!--End About Section -->\t\t<\/div>\n\t\t\t\t<\/div>\n\t\t\t\t\t<\/div>\n\t\t<\/div>\n\t\t\t\t\t\t\t<\/div>\n\t\t<\/section>\n\t\t\t\t<section class=\"elementor-section elementor-top-section elementor-element elementor-element-979de2c elementor-section-full_width elementor-section-height-default elementor-section-height-default\" data-id=\"979de2c\" data-element_type=\"section\">\n\t\t\t\t\t\t<div class=\"elementor-container elementor-column-gap-default\">\n\t\t\t\t\t<div class=\"elementor-column elementor-col-100 elementor-top-column elementor-element elementor-element-aa91e61\" data-id=\"aa91e61\" data-element_type=\"column\">\n\t\t\t<div class=\"elementor-widget-wrap elementor-element-populated\">\n\t\t\t\t\t\t\t\t<div class=\"elementor-element elementor-element-be166b5 elementor-widget elementor-widget-spacer\" data-id=\"be166b5\" data-element_type=\"widget\" data-widget_type=\"spacer.default\">\n\t\t\t\t<div class=\"elementor-widget-container\">\n\t\t\t\t\t<div class=\"elementor-spacer\">\n\t\t\t<div class=\"elementor-spacer-inner\"><\/div>\n\t\t<\/div>\n\t\t\t\t<\/div>\n\t\t\t\t<\/div>\n\t\t\t\t<div class=\"elementor-element elementor-element-2f55e22 elementor-widget elementor-widget-Video_Section\" data-id=\"2f55e22\" data-element_type=\"widget\" data-widget_type=\"Video_Section.default\">\n\t\t\t\t<div class=\"elementor-widget-container\">\n\t\t\t\r\n<!--Video Section-->\r\n<section class=\"video-section\" style=\"background-image:url('https:\/\/sekkaworld.com\/wp-content\/uploads\/2019\/01\/sadirvan-tipi-3-fotografi-13-Musluklu-Sadrivan-1-scaled.jpg')\">\r\n    <div class=\"auto-container\">\r\n        <a href=\"https:\/\/www.youtube.com\/watch?v=y_9grTzeErM\" class=\"lightbox-image play-icon wow bounceIn\" data-wow-delay=\"0ms\" data-wow-duration=\"1500ms\"><span class=\"flaticon-play-button-5\"><\/span><\/a>        <div class=\"title\"><\/div>\r\n        <h2>Introduction<\/h2>\r\n        <div class=\"text\"><\/div>\r\n    <\/div>\r\n<\/section>\r\n<!--End Video Section-->\t\t<\/div>\n\t\t\t\t<\/div>\n\t\t\t\t<div class=\"elementor-element elementor-element-ef6113a elementor-widget elementor-widget-spacer\" data-id=\"ef6113a\" data-element_type=\"widget\" data-widget_type=\"spacer.default\">\n\t\t\t\t<div class=\"elementor-widget-container\">\n\t\t\t\t\t<div class=\"elementor-spacer\">\n\t\t\t<div class=\"elementor-spacer-inner\"><\/div>\n\t\t<\/div>\n\t\t\t\t<\/div>\n\t\t\t\t<\/div>\n\t\t\t\t\t<\/div>\n\t\t<\/div>\n\t\t\t\t\t\t\t<\/div>\n\t\t<\/section>\n\t\t\t\t<section class=\"elementor-section elementor-top-section elementor-element elementor-element-1ada54f elementor-section-content-middle elementor-section-boxed elementor-section-height-default elementor-section-height-default\" data-id=\"1ada54f\" data-element_type=\"section\">\n\t\t\t\t\t\t<div class=\"elementor-container elementor-column-gap-no\">\n\t\t\t\t\t<div class=\"elementor-column elementor-col-33 elementor-top-column elementor-element elementor-element-29014d\" data-id=\"29014d\" data-element_type=\"column\">\n\t\t\t<div class=\"elementor-widget-wrap elementor-element-populated\">\n\t\t\t\t\t\t\t\t<div class=\"elementor-element elementor-element-2f9ab8ae elementor-widget elementor-widget-text-editor\" data-id=\"2f9ab8ae\" data-element_type=\"widget\" data-widget_type=\"text-editor.default\">\n\t\t\t\t<div class=\"elementor-widget-container\">\n\t\t\t<style>\/*! elementor - v3.15.0 - 02-08-2023 *\/\n.elementor-widget-text-editor.elementor-drop-cap-view-stacked .elementor-drop-cap{background-color:#69727d;color:#fff}.elementor-widget-text-editor.elementor-drop-cap-view-framed .elementor-drop-cap{color:#69727d;border:3px solid;background-color:transparent}.elementor-widget-text-editor:not(.elementor-drop-cap-view-default) .elementor-drop-cap{margin-top:8px}.elementor-widget-text-editor:not(.elementor-drop-cap-view-default) .elementor-drop-cap-letter{width:1em;height:1em}.elementor-widget-text-editor .elementor-drop-cap{float:left;text-align:center;line-height:1;font-size:50px}.elementor-widget-text-editor .elementor-drop-cap-letter{display:inline-block}<\/style>\t\t\t\t<p>SOCI\u00c9T\u00c9<\/p>\n\t\t\t\t\t\t<\/div>\n\t\t\t\t<\/div>\n\t\t\t\t<div class=\"elementor-element elementor-element-7efa364e elementor-widget elementor-widget-heading\" data-id=\"7efa364e\" data-element_type=\"widget\" data-widget_type=\"heading.default\">\n\t\t\t\t<div class=\"elementor-widget-container\">\n\t\t\t<style>\/*! elementor - v3.15.0 - 02-08-2023 *\/\n.elementor-heading-title{padding:0;margin:0;line-height:1}.elementor-widget-heading .elementor-heading-title[class*=elementor-size-]>a{color:inherit;font-size:inherit;line-height:inherit}.elementor-widget-heading .elementor-heading-title.elementor-size-small{font-size:15px}.elementor-widget-heading .elementor-heading-title.elementor-size-medium{font-size:19px}.elementor-widget-heading .elementor-heading-title.elementor-size-large{font-size:29px}.elementor-widget-heading .elementor-heading-title.elementor-size-xl{font-size:39px}.elementor-widget-heading .elementor-heading-title.elementor-size-xxl{font-size:59px}<\/style><h3 class=\"elementor-heading-title elementor-size-default\">Mission &amp; Vision<\/h3>\t\t<\/div>\n\t\t\t\t<\/div>\n\t\t\t\t<div class=\"elementor-element elementor-element-72c64336 elementor-widget-divider--view-line elementor-widget elementor-widget-divider\" data-id=\"72c64336\" data-element_type=\"widget\" data-widget_type=\"divider.default\">\n\t\t\t\t<div class=\"elementor-widget-container\">\n\t\t\t<style>\/*! elementor - v3.15.0 - 02-08-2023 *\/\n.elementor-widget-divider{--divider-border-style:none;--divider-border-width:1px;--divider-color:#0c0d0e;--divider-icon-size:20px;--divider-element-spacing:10px;--divider-pattern-height:24px;--divider-pattern-size:20px;--divider-pattern-url:none;--divider-pattern-repeat:repeat-x}.elementor-widget-divider .elementor-divider{display:flex}.elementor-widget-divider .elementor-divider__text{font-size:15px;line-height:1;max-width:95%}.elementor-widget-divider .elementor-divider__element{margin:0 var(--divider-element-spacing);flex-shrink:0}.elementor-widget-divider .elementor-icon{font-size:var(--divider-icon-size)}.elementor-widget-divider .elementor-divider-separator{display:flex;margin:0;direction:ltr}.elementor-widget-divider--view-line_icon .elementor-divider-separator,.elementor-widget-divider--view-line_text .elementor-divider-separator{align-items:center}.elementor-widget-divider--view-line_icon .elementor-divider-separator:after,.elementor-widget-divider--view-line_icon .elementor-divider-separator:before,.elementor-widget-divider--view-line_text .elementor-divider-separator:after,.elementor-widget-divider--view-line_text .elementor-divider-separator:before{display:block;content:\"\";border-bottom:0;flex-grow:1;border-top:var(--divider-border-width) var(--divider-border-style) var(--divider-color)}.elementor-widget-divider--element-align-left .elementor-divider .elementor-divider-separator>.elementor-divider__svg:first-of-type{flex-grow:0;flex-shrink:100}.elementor-widget-divider--element-align-left .elementor-divider-separator:before{content:none}.elementor-widget-divider--element-align-left .elementor-divider__element{margin-left:0}.elementor-widget-divider--element-align-right .elementor-divider .elementor-divider-separator>.elementor-divider__svg:last-of-type{flex-grow:0;flex-shrink:100}.elementor-widget-divider--element-align-right .elementor-divider-separator:after{content:none}.elementor-widget-divider--element-align-right .elementor-divider__element{margin-right:0}.elementor-widget-divider:not(.elementor-widget-divider--view-line_text):not(.elementor-widget-divider--view-line_icon) .elementor-divider-separator{border-top:var(--divider-border-width) var(--divider-border-style) var(--divider-color)}.elementor-widget-divider--separator-type-pattern{--divider-border-style:none}.elementor-widget-divider--separator-type-pattern.elementor-widget-divider--view-line .elementor-divider-separator,.elementor-widget-divider--separator-type-pattern:not(.elementor-widget-divider--view-line) .elementor-divider-separator:after,.elementor-widget-divider--separator-type-pattern:not(.elementor-widget-divider--view-line) .elementor-divider-separator:before,.elementor-widget-divider--separator-type-pattern:not([class*=elementor-widget-divider--view]) .elementor-divider-separator{width:100%;min-height:var(--divider-pattern-height);-webkit-mask-size:var(--divider-pattern-size) 100%;mask-size:var(--divider-pattern-size) 100%;-webkit-mask-repeat:var(--divider-pattern-repeat);mask-repeat:var(--divider-pattern-repeat);background-color:var(--divider-color);-webkit-mask-image:var(--divider-pattern-url);mask-image:var(--divider-pattern-url)}.elementor-widget-divider--no-spacing{--divider-pattern-size:auto}.elementor-widget-divider--bg-round{--divider-pattern-repeat:round}.rtl .elementor-widget-divider .elementor-divider__text{direction:rtl}.e-con-inner>.elementor-widget-divider,.e-con>.elementor-widget-divider{width:var(--container-widget-width,100%);--flex-grow:var(--container-widget-flex-grow)}<\/style>\t\t<div class=\"elementor-divider\">\n\t\t\t<span class=\"elementor-divider-separator\">\n\t\t\t\t\t\t<\/span>\n\t\t<\/div>\n\t\t\t\t<\/div>\n\t\t\t\t<\/div>\n\t\t\t\t\t<\/div>\n\t\t<\/div>\n\t\t\t\t<div class=\"elementor-column elementor-col-33 elementor-top-column elementor-element elementor-element-34a0d0d7\" data-id=\"34a0d0d7\" data-element_type=\"column\">\n\t\t\t<div class=\"elementor-widget-wrap elementor-element-populated\">\n\t\t\t\t\t\t\t\t<div class=\"elementor-element elementor-element-5d5a244d elementor-widget elementor-widget-image\" data-id=\"5d5a244d\" data-element_type=\"widget\" data-widget_type=\"image.default\">\n\t\t\t\t<div class=\"elementor-widget-container\">\n\t\t\t<style>\/*! elementor - v3.15.0 - 02-08-2023 *\/\n.elementor-widget-image{text-align:center}.elementor-widget-image a{display:inline-block}.elementor-widget-image a img[src$=\".svg\"]{width:48px}.elementor-widget-image img{vertical-align:middle;display:inline-block}<\/style>\t\t\t\t\t\t\t\t\t\t\t\t<img loading=\"lazy\" decoding=\"async\" width=\"2560\" height=\"1707\" src=\"https:\/\/sekkaworld.com\/wp-content\/uploads\/2023\/10\/Misyon-scaled.jpg\" class=\"elementor-animation-grow attachment-full size-full wp-image-4232\" alt=\"\" srcset=\"https:\/\/sekkaworld.com\/wp-content\/uploads\/2023\/10\/Misyon-scaled.jpg 2560w, https:\/\/sekkaworld.com\/wp-content\/uploads\/2023\/10\/Misyon-300x200.jpg 300w, https:\/\/sekkaworld.com\/wp-content\/uploads\/2023\/10\/Misyon-1024x683.jpg 1024w, https:\/\/sekkaworld.com\/wp-content\/uploads\/2023\/10\/Misyon-768x512.jpg 768w, https:\/\/sekkaworld.com\/wp-content\/uploads\/2023\/10\/Misyon-1536x1024.jpg 1536w, https:\/\/sekkaworld.com\/wp-content\/uploads\/2023\/10\/Misyon-2048x1366.jpg 2048w\" sizes=\"auto, (max-width: 2560px) 100vw, 2560px\" \/>\t\t\t\t\t\t\t\t\t\t\t\t\t\t\t<\/div>\n\t\t\t\t<\/div>\n\t\t\t\t<div class=\"elementor-element elementor-element-111afd76 elementor-widget elementor-widget-text-editor\" data-id=\"111afd76\" data-element_type=\"widget\" data-widget_type=\"text-editor.default\">\n\t\t\t\t<div class=\"elementor-widget-container\">\n\t\t\t\t\t\t\t<p><span style=\"font-size: 14.0pt; font-family: 'Arial',sans-serif;\">D\u00e9velopper des projets d&#8217;eau \u00e0 l&#8217;\u00e9chelle internationale, en particulier dans les pays confront\u00e9s \u00e0 la p\u00e9nurie d&#8217;eau, afin d&#8217;assurer l&#8217;acc\u00e8s \u00e0 une eau propre pour ceux dans le besoin et contribuer au d\u00e9veloppement r\u00e9gional.<\/span><\/p>\n\t\t\t\t\t\t<\/div>\n\t\t\t\t<\/div>\n\t\t\t\t\t<\/div>\n\t\t<\/div>\n\t\t\t\t<div class=\"elementor-column elementor-col-33 elementor-top-column elementor-element elementor-element-296036e9\" data-id=\"296036e9\" data-element_type=\"column\">\n\t\t\t<div class=\"elementor-widget-wrap elementor-element-populated\">\n\t\t\t\t\t\t\t\t<div class=\"elementor-element elementor-element-46326a15 elementor-widget__width-initial elementor-widget elementor-widget-text-editor\" data-id=\"46326a15\" data-element_type=\"widget\" data-widget_type=\"text-editor.default\">\n\t\t\t\t<div class=\"elementor-widget-container\">\n\t\t\t\t\t\t\t<p><span style=\"font-size: 14.0pt; font-family: 'Arial',sans-serif;\">Dans le secteur des services, en particulier dans les projets li\u00e9s \u00e0 l&#8217;eau, notre objectif est d&#8217;entreprendre des projets durables et fiables en Turquie initialement, puis \u00e0 l&#8217;\u00e9chelle mondiale, afin de devenir une institution r\u00e9put\u00e9e, honn\u00eate et digne de confiance.<\/span><\/p>\t\t\t\t\t\t<\/div>\n\t\t\t\t<\/div>\n\t\t\t\t<div class=\"elementor-element elementor-element-17c444b2 elementor-widget elementor-widget-image\" data-id=\"17c444b2\" data-element_type=\"widget\" data-widget_type=\"image.default\">\n\t\t\t\t<div class=\"elementor-widget-container\">\n\t\t\t\t\t\t\t\t\t\t\t\t\t\t\t<img loading=\"lazy\" decoding=\"async\" width=\"2560\" height=\"1707\" src=\"https:\/\/sekkaworld.com\/wp-content\/uploads\/2023\/10\/vizyon-scaled.jpg\" class=\"elementor-animation-grow attachment-full size-full wp-image-4234\" alt=\"\" srcset=\"https:\/\/sekkaworld.com\/wp-content\/uploads\/2023\/10\/vizyon-scaled.jpg 2560w, https:\/\/sekkaworld.com\/wp-content\/uploads\/2023\/10\/vizyon-300x200.jpg 300w, https:\/\/sekkaworld.com\/wp-content\/uploads\/2023\/10\/vizyon-1024x683.jpg 1024w, https:\/\/sekkaworld.com\/wp-content\/uploads\/2023\/10\/vizyon-768x512.jpg 768w, https:\/\/sekkaworld.com\/wp-content\/uploads\/2023\/10\/vizyon-1536x1024.jpg 1536w, https:\/\/sekkaworld.com\/wp-content\/uploads\/2023\/10\/vizyon-2048x1366.jpg 2048w\" sizes=\"auto, (max-width: 2560px) 100vw, 2560px\" \/>\t\t\t\t\t\t\t\t\t\t\t\t\t\t\t<\/div>\n\t\t\t\t<\/div>\n\t\t\t\t\t<\/div>\n\t\t<\/div>\n\t\t\t\t\t\t\t<\/div>\n\t\t<\/section>\n\t\t\t\t<section class=\"elementor-section elementor-top-section elementor-element elementor-element-ea2a195 elementor-section-full_width elementor-section-height-default elementor-section-height-default\" data-id=\"ea2a195\" data-element_type=\"section\">\n\t\t\t\t\t\t<div class=\"elementor-container elementor-column-gap-default\">\n\t\t\t\t\t<div class=\"elementor-column elementor-col-100 elementor-top-column elementor-element elementor-element-4cf09bc\" data-id=\"4cf09bc\" data-element_type=\"column\">\n\t\t\t<div class=\"elementor-widget-wrap elementor-element-populated\">\n\t\t\t\t\t\t\t\t<div class=\"elementor-element elementor-element-082f6f5 elementor-widget elementor-widget-Newsletter\" data-id=\"082f6f5\" data-element_type=\"widget\" data-widget_type=\"Newsletter.default\">\n\t\t\t\t<div class=\"elementor-widget-container\">\n\t\t\t\r\n<!--Subscribe Section-->\r\n<section class=\"subscribe-section\">\r\n    <div class=\"auto-container\">\r\n        <div class=\"row clearfix\">\r\n            <!--Form Column-->\r\n            <div class=\"title-column col-lg-6 col-md-12 col-sm-12\">\r\n                <h2>Avez-vous besoin de plus d'informations?<\/h2>\r\n                <div class=\"text\">Veuillez nous envoyer un e-mail et notre \u00e9quipe d'assistance vous contactera.<\/div>\r\n                <div class=\"icon-box\">\r\n                    <span class=\"icon flaticon-envelope-1\"><\/span>\r\n                <\/div>\r\n            <\/div>\r\n            <!--Form Column-->\r\n            <div class=\"form-column col-lg-6 col-md-12 col-sm-12\">\r\n                <div class=\"inner-column\">\r\n                    <div class=\"subscribe-form\">\r\n                                            <\/div>\r\n                <\/div>\r\n            <\/div>\r\n        <\/div>\r\n    <\/div>\r\n<\/section>\r\n<!--End Subscribe Section-->\r\n\r\n\t\t<\/div>\n\t\t\t\t<\/div>\n\t\t\t\t\t<\/div>\n\t\t<\/div>\n\t\t\t\t\t\t\t<\/div>\n\t\t<\/section>\n\t\t\t\t\t\t\t<\/div>\n\t\t","protected":false},"excerpt":{"rendered":"<p>Qui somme-nous Depuis sa cr\u00e9ation, Sekka World a r\u00e9alis\u00e9 de nombreux projets de d\u00e9veloppement et de soutien \u00e0 l&#8217;\u00e9chelle internationale, en particulier dans les pays africains. Sekka World, fournissant ses services \u00e0 de nombreuses institutions priv\u00e9es et gouvernementales, principalement des organisations non gouvernementales, entretient plus de soixante partenariats \u00e0 l&#8217;\u00e9tranger. Elle apporte \u00e0 l&#8217;humanit\u00e9 des [&hellip;]<\/p>\n","protected":false},"author":1,"featured_media":0,"parent":0,"menu_order":0,"comment_status":"closed","ping_status":"closed","template":"tpl-default-elementor.php","meta":{"footnotes":""},"class_list":["post-4283","page","type-page","status-publish","hentry"],"_links":{"self":[{"href":"https:\/\/sekkaworld.com\/fr\/wp-json\/wp\/v2\/pages\/4283","targetHints":{"allow":["GET"]}}],"collection":[{"href":"https:\/\/sekkaworld.com\/fr\/wp-json\/wp\/v2\/pages"}],"about":[{"href":"https:\/\/sekkaworld.com\/fr\/wp-json\/wp\/v2\/types\/page"}],"author":[{"embeddable":true,"href":"https:\/\/sekkaworld.com\/fr\/wp-json\/wp\/v2\/users\/1"}],"replies":[{"embeddable":true,"href":"https:\/\/sekkaworld.com\/fr\/wp-json\/wp\/v2\/comments?post=4283"}],"version-history":[{"count":54,"href":"https:\/\/sekkaworld.com\/fr\/wp-json\/wp\/v2\/pages\/4283\/revisions"}],"predecessor-version":[{"id":4751,"href":"https:\/\/sekkaworld.com\/fr\/wp-json\/wp\/v2\/pages\/4283\/revisions\/4751"}],"wp:attachment":[{"href":"https:\/\/sekkaworld.com\/fr\/wp-json\/wp\/v2\/media?parent=4283"}],"curies":[{"name":"wp","href":"https:\/\/api.w.org\/{rel}","templated":true}]}}