{"id":4341,"date":"2020-10-13T17:19:39","date_gmt":"2020-10-13T17:19:39","guid":{"rendered":"https:\/\/sekkaworld.com\/projeler\/"},"modified":"2024-02-15T08:00:20","modified_gmt":"2024-02-15T08:00:20","slug":"projets","status":"publish","type":"page","link":"https:\/\/sekkaworld.com\/fr\/projets\/","title":{"rendered":"Projets"},"content":{"rendered":"\t\t<div data-elementor-type=\"wp-page\" data-elementor-id=\"4341\" class=\"elementor elementor-4341 elementor-46\">\n\t\t\t\t\t\t\t\t\t<section class=\"elementor-section elementor-top-section elementor-element elementor-element-a7fa381 elementor-section-full_width elementor-section-height-default elementor-section-height-default\" data-id=\"a7fa381\" data-element_type=\"section\">\n\t\t\t\t\t\t<div class=\"elementor-container elementor-column-gap-default\">\n\t\t\t\t\t<div class=\"elementor-column elementor-col-100 elementor-top-column elementor-element elementor-element-c094f46\" data-id=\"c094f46\" data-element_type=\"column\">\n\t\t\t<div class=\"elementor-widget-wrap elementor-element-populated\">\n\t\t\t\t\t\t\t\t<div class=\"elementor-element elementor-element-95110e2 elementor-widget elementor-widget-Our_Projects_V2\" data-id=\"95110e2\" data-element_type=\"widget\" data-widget_type=\"Our_Projects_V2.default\">\n\t\t\t\t<div class=\"elementor-widget-container\">\n\t\t\t\t\r\n    <!--Project Section Two-->\r\n    <section class=\"project-section-two\">\r\n        <div class=\"auto-container\">\r\n            <!--Sec Title-->\r\n            <div class=\"sec-title centered\">\r\n                <div class=\"title\">Projets<\/div>\r\n                <h2>Projets Achev\u00e9s<\/h2>\r\n                <div class=\"seperater\"><\/div>\r\n            <\/div>\r\n            <div class=\"row clearfix\">\r\n                                <!--Project Block-->\r\n                <div class=\"project-block col-lg-3 col-md-6 col-sm-12\">\r\n                    <div class=\"inner-box\">\r\n                        <div class=\"image\">\r\n\t\t\t\t\t\t\t<img loading=\"lazy\" decoding=\"async\" width=\"1600\" height=\"900\" src=\"https:\/\/sekkaworld.com\/wp-content\/uploads\/2019\/01\/Nijerya_Kulliye-4.jpeg\" class=\"attachment-emarat_270x380 size-emarat_270x380 wp-post-image\" alt=\"\" srcset=\"https:\/\/sekkaworld.com\/wp-content\/uploads\/2019\/01\/Nijerya_Kulliye-4.jpeg 1600w, https:\/\/sekkaworld.com\/wp-content\/uploads\/2019\/01\/Nijerya_Kulliye-4-300x169.jpeg 300w, https:\/\/sekkaworld.com\/wp-content\/uploads\/2019\/01\/Nijerya_Kulliye-4-1024x576.jpeg 1024w, https:\/\/sekkaworld.com\/wp-content\/uploads\/2019\/01\/Nijerya_Kulliye-4-768x432.jpeg 768w, https:\/\/sekkaworld.com\/wp-content\/uploads\/2019\/01\/Nijerya_Kulliye-4-1536x864.jpeg 1536w\" sizes=\"auto, (max-width: 1600px) 100vw, 1600px\" \/>                            <div class=\"overlay-box\">\r\n                                <div class=\"content\">\r\n                                    <h3>Projet complexe au Nigeria<\/h3>\r\n                                    <div class=\"see-project\">Voir le projet\n <span class=\"fa fa-angle-right\"><\/span><\/div>\r\n                                <\/div>\r\n                            <\/div>\r\n                            <!--Overlay Two-->\r\n                            <div class=\"overlay-two\">\r\n                                <div class=\"overlay-two-inner\">\r\n                                    <div class=\"overlay-two-content\">\r\n                                        <h2><a href=\"https:\/\/sekkaworld.com\/fr\/sekka_proje\/nijerya-kulliyesi-projemiz\/\">Projet complexe au Nigeria<\/a><\/h2>\r\n                                        <div class=\"text\">Projet complexe au Nigeria Description : Projet complexe comprenant une madrasa, un orphelinat, une mosqu\u00e9e, une salle d'administration et de r\u00e9union, une salle \u00e0 manger\u2026<\/div>\r\n                                        <a href=\"https:\/\/sekkaworld.com\/fr\/sekka_proje\/nijerya-kulliyesi-projemiz\/\" class=\"see-more\">Voir le projet\n <span class=\"fa fa-angle-right\"><\/span><\/a>\r\n                                    <\/div>\r\n                                <\/div>\r\n                            <\/div>\r\n                        <\/div>\r\n                    <\/div>\r\n                <\/div>\r\n                                <!--Project Block-->\r\n                <div class=\"project-block col-lg-3 col-md-6 col-sm-12\">\r\n                    <div class=\"inner-box\">\r\n                        <div class=\"image\">\r\n\t\t\t\t\t\t\t<img loading=\"lazy\" decoding=\"async\" width=\"2560\" height=\"1920\" src=\"https:\/\/sekkaworld.com\/wp-content\/uploads\/2019\/01\/20240313_082650-scaled.jpg\" class=\"attachment-emarat_270x380 size-emarat_270x380 wp-post-image\" alt=\"\" srcset=\"https:\/\/sekkaworld.com\/wp-content\/uploads\/2019\/01\/20240313_082650-scaled.jpg 2560w, https:\/\/sekkaworld.com\/wp-content\/uploads\/2019\/01\/20240313_082650-300x225.jpg 300w, https:\/\/sekkaworld.com\/wp-content\/uploads\/2019\/01\/20240313_082650-1024x768.jpg 1024w, https:\/\/sekkaworld.com\/wp-content\/uploads\/2019\/01\/20240313_082650-768x576.jpg 768w, https:\/\/sekkaworld.com\/wp-content\/uploads\/2019\/01\/20240313_082650-1536x1152.jpg 1536w, https:\/\/sekkaworld.com\/wp-content\/uploads\/2019\/01\/20240313_082650-2048x1536.jpg 2048w\" sizes=\"auto, (max-width: 2560px) 100vw, 2560px\" \/>                            <div class=\"overlay-box\">\r\n                                <div class=\"content\">\r\n                                    <h3>Projet de Village au Tchad<\/h3>\r\n                                    <div class=\"see-project\">Voir le projet\n <span class=\"fa fa-angle-right\"><\/span><\/div>\r\n                                <\/div>\r\n                            <\/div>\r\n                            <!--Overlay Two-->\r\n                            <div class=\"overlay-two\">\r\n                                <div class=\"overlay-two-inner\">\r\n                                    <div class=\"overlay-two-content\">\r\n                                        <h2><a href=\"https:\/\/sekkaworld.com\/fr\/sekka_proje\/cad-koy-projemiz\/\">Projet de Village au Tchad<\/a><\/h2>\r\n                                        <div class=\"text\">Un projet d'eau profonde couvrant un rayon de 5 km pour distribuer de l'eau dans le village de Baher-Algazel, b\u00e9n\u00e9ficiant \u00e0 environ 10 000 personnes.\u2026<\/div>\r\n                                        <a href=\"https:\/\/sekkaworld.com\/fr\/sekka_proje\/cad-koy-projemiz\/\" class=\"see-more\">Voir le projet\n <span class=\"fa fa-angle-right\"><\/span><\/a>\r\n                                    <\/div>\r\n                                <\/div>\r\n                            <\/div>\r\n                        <\/div>\r\n                    <\/div>\r\n                <\/div>\r\n                                <!--Project Block-->\r\n                <div class=\"project-block col-lg-3 col-md-6 col-sm-12\">\r\n                    <div class=\"inner-box\">\r\n                        <div class=\"image\">\r\n\t\t\t\t\t\t\t<img loading=\"lazy\" decoding=\"async\" width=\"2560\" height=\"1710\" src=\"https:\/\/sekkaworld.com\/wp-content\/uploads\/2019\/02\/benin_cami_restorasyon_projesi_sonrasi-5-scaled.jpg\" class=\"attachment-emarat_270x380 size-emarat_270x380 wp-post-image\" alt=\"\" srcset=\"https:\/\/sekkaworld.com\/wp-content\/uploads\/2019\/02\/benin_cami_restorasyon_projesi_sonrasi-5-scaled.jpg 2560w, https:\/\/sekkaworld.com\/wp-content\/uploads\/2019\/02\/benin_cami_restorasyon_projesi_sonrasi-5-300x200.jpg 300w, https:\/\/sekkaworld.com\/wp-content\/uploads\/2019\/02\/benin_cami_restorasyon_projesi_sonrasi-5-1024x684.jpg 1024w, https:\/\/sekkaworld.com\/wp-content\/uploads\/2019\/02\/benin_cami_restorasyon_projesi_sonrasi-5-768x513.jpg 768w, https:\/\/sekkaworld.com\/wp-content\/uploads\/2019\/02\/benin_cami_restorasyon_projesi_sonrasi-5-1536x1026.jpg 1536w, https:\/\/sekkaworld.com\/wp-content\/uploads\/2019\/02\/benin_cami_restorasyon_projesi_sonrasi-5-2048x1368.jpg 2048w\" sizes=\"auto, (max-width: 2560px) 100vw, 2560px\" \/>                            <div class=\"overlay-box\">\r\n                                <div class=\"content\">\r\n                                    <h3>Projet de Mosqu\u00e9e et d&#8217;Orphelinat au B\u00e9nin<\/h3>\r\n                                    <div class=\"see-project\">Voir le projet\n <span class=\"fa fa-angle-right\"><\/span><\/div>\r\n                                <\/div>\r\n                            <\/div>\r\n                            <!--Overlay Two-->\r\n                            <div class=\"overlay-two\">\r\n                                <div class=\"overlay-two-inner\">\r\n                                    <div class=\"overlay-two-content\">\r\n                                        <h2><a href=\"https:\/\/sekkaworld.com\/fr\/sekka_proje\/3-basamakli-mevcut-su-kuyusu\/\">Projet de Mosqu\u00e9e et d&#8217;Orphelinat au B\u00e9nin<\/a><\/h2>\r\n                                        <div class=\"text\">Description : R\u00e9novation d'un complexe de mosqu\u00e9e et d'orphelinat, comprenant des r\u00e9parations au toit, au sol et aux murs. Le projet visait \u00e0 pr\u00e9parer l'\u00e9cole\u2026<\/div>\r\n                                        <a href=\"https:\/\/sekkaworld.com\/fr\/sekka_proje\/3-basamakli-mevcut-su-kuyusu\/\" class=\"see-more\">Voir le projet\n <span class=\"fa fa-angle-right\"><\/span><\/a>\r\n                                    <\/div>\r\n                                <\/div>\r\n                            <\/div>\r\n                        <\/div>\r\n                    <\/div>\r\n                <\/div>\r\n                            <\/div>\r\n    \r\n                \r\n        <\/div>\r\n    <\/section>\r\n    <!--End Project Section Two-->\r\n    \r\n\t\t<\/div>\n\t\t\t\t<\/div>\n\t\t\t\t\t<\/div>\n\t\t<\/div>\n\t\t\t\t\t\t\t<\/div>\n\t\t<\/section>\n\t\t\t\t<section class=\"elementor-section elementor-top-section elementor-element elementor-element-c87a60c elementor-section-full_width elementor-section-height-default elementor-section-height-default\" data-id=\"c87a60c\" data-element_type=\"section\">\n\t\t\t\t\t\t<div class=\"elementor-container elementor-column-gap-default\">\n\t\t\t\t\t<div class=\"elementor-column elementor-col-100 elementor-top-column elementor-element elementor-element-485ce82\" data-id=\"485ce82\" data-element_type=\"column\">\n\t\t\t<div class=\"elementor-widget-wrap elementor-element-populated\">\n\t\t\t\t\t\t\t\t<div class=\"elementor-element elementor-element-a2cde98 elementor-widget elementor-widget-Newsletter\" data-id=\"a2cde98\" data-element_type=\"widget\" data-widget_type=\"Newsletter.default\">\n\t\t\t\t<div class=\"elementor-widget-container\">\n\t\t\t\r\n<!--Subscribe Section-->\r\n<section class=\"subscribe-section\">\r\n    <div class=\"auto-container\">\r\n        <div class=\"row clearfix\">\r\n            <!--Form Column-->\r\n            <div class=\"title-column col-lg-6 col-md-12 col-sm-12\">\r\n                <h2>Avez-vous besoin de plus d'informations?<\/h2>\r\n                <div class=\"text\">S\u2019il vous pla\u00eet, envoyez-nous un e-mail, notre \u00e9quipe de support prendra avec vous.<\/div>\r\n                <div class=\"icon-box\">\r\n                    <span class=\"icon flaticon-envelope-1\"><\/span>\r\n                <\/div>\r\n            <\/div>\r\n            <!--Form Column-->\r\n            <div class=\"form-column col-lg-6 col-md-12 col-sm-12\">\r\n                <div class=\"inner-column\">\r\n                    <div class=\"subscribe-form\">\r\n                                            <\/div>\r\n                <\/div>\r\n            <\/div>\r\n        <\/div>\r\n    <\/div>\r\n<\/section>\r\n<!--End Subscribe Section-->\r\n\r\n\t\t<\/div>\n\t\t\t\t<\/div>\n\t\t\t\t\t<\/div>\n\t\t<\/div>\n\t\t\t\t\t\t\t<\/div>\n\t\t<\/section>\n\t\t\t\t\t\t\t<\/div>\n\t\t","protected":false},"excerpt":{"rendered":"<p>Projets Projets Achev\u00e9s Projet de Mosqu\u00e9e et d&#8217;Orphelinat au B\u00e9nin Voir le projet Projet de Mosqu\u00e9e et d&#8217;Orphelinat au B\u00e9nin Description : R\u00e9novation d&#8217;un complexe de mosqu\u00e9e et d&#8217;orphelinat, comprenant des r\u00e9parations au toit, au sol et aux murs. Le projet visait \u00e0 pr\u00e9parer l&#8217;\u00e9cole\u2026 Voir le projet Projet Scolaire en Tanzanie Voir le projet [&hellip;]<\/p>\n","protected":false},"author":1,"featured_media":0,"parent":0,"menu_order":0,"comment_status":"closed","ping_status":"closed","template":"tpl-default-elementor.php","meta":{"footnotes":""},"class_list":["post-4341","page","type-page","status-publish","hentry"],"_links":{"self":[{"href":"https:\/\/sekkaworld.com\/fr\/wp-json\/wp\/v2\/pages\/4341","targetHints":{"allow":["GET"]}}],"collection":[{"href":"https:\/\/sekkaworld.com\/fr\/wp-json\/wp\/v2\/pages"}],"about":[{"href":"https:\/\/sekkaworld.com\/fr\/wp-json\/wp\/v2\/types\/page"}],"author":[{"embeddable":true,"href":"https:\/\/sekkaworld.com\/fr\/wp-json\/wp\/v2\/users\/1"}],"replies":[{"embeddable":true,"href":"https:\/\/sekkaworld.com\/fr\/wp-json\/wp\/v2\/comments?post=4341"}],"version-history":[{"count":13,"href":"https:\/\/sekkaworld.com\/fr\/wp-json\/wp\/v2\/pages\/4341\/revisions"}],"predecessor-version":[{"id":4744,"href":"https:\/\/sekkaworld.com\/fr\/wp-json\/wp\/v2\/pages\/4341\/revisions\/4744"}],"wp:attachment":[{"href":"https:\/\/sekkaworld.com\/fr\/wp-json\/wp\/v2\/media?parent=4341"}],"curies":[{"name":"wp","href":"https:\/\/api.w.org\/{rel}","templated":true}]}}