{"id":4372,"date":"2023-08-17T14:31:02","date_gmt":"2023-08-17T14:31:02","guid":{"rendered":"https:\/\/sekkaworld.com\/devam-eden-projeler\/"},"modified":"2024-02-13T09:23:09","modified_gmt":"2024-02-13T09:23:09","slug":"devam-eden-projeler","status":"publish","type":"page","link":"https:\/\/sekkaworld.com\/fr\/devam-eden-projeler\/","title":{"rendered":"Projets en cours"},"content":{"rendered":"\t\t<div data-elementor-type=\"wp-page\" data-elementor-id=\"4372\" class=\"elementor elementor-4372 elementor-2962\">\n\t\t\t\t\t\t\t\t\t<section class=\"elementor-section elementor-top-section elementor-element elementor-element-a7fa381 elementor-section-full_width elementor-section-height-default elementor-section-height-default\" data-id=\"a7fa381\" data-element_type=\"section\">\n\t\t\t\t\t\t<div class=\"elementor-container elementor-column-gap-default\">\n\t\t\t\t\t<div class=\"elementor-column elementor-col-100 elementor-top-column elementor-element elementor-element-c094f46\" data-id=\"c094f46\" data-element_type=\"column\">\n\t\t\t<div class=\"elementor-widget-wrap elementor-element-populated\">\n\t\t\t\t\t\t\t\t<div class=\"elementor-element elementor-element-95110e2 elementor-widget elementor-widget-Our_Projects_V2\" data-id=\"95110e2\" data-element_type=\"widget\" data-widget_type=\"Our_Projects_V2.default\">\n\t\t\t\t<div class=\"elementor-widget-container\">\n\t\t\t\t\r\n    <!--Project Section Two-->\r\n    <section class=\"project-section-two\">\r\n        <div class=\"auto-container\">\r\n            <!--Sec Title-->\r\n            <div class=\"sec-title centered\">\r\n                <div class=\"title\">Projets<\/div>\r\n                <h2>Projets en cours<\/h2>\r\n                <div class=\"seperater\"><\/div>\r\n            <\/div>\r\n            <div class=\"row clearfix\">\r\n                                <!--Project Block-->\r\n                <div class=\"project-block col-lg-6 col-md-12 col-sm-12\">\r\n                    <div class=\"inner-box\">\r\n                        <div class=\"image\">\r\n\t\t\t\t\t\t\t<img loading=\"lazy\" decoding=\"async\" width=\"2560\" height=\"1440\" src=\"https:\/\/sekkaworld.com\/wp-content\/uploads\/2019\/02\/Mali-Camii-scaled.jpg\" class=\"attachment-emarat_570x380 size-emarat_570x380 wp-post-image\" alt=\"\" srcset=\"https:\/\/sekkaworld.com\/wp-content\/uploads\/2019\/02\/Mali-Camii-scaled.jpg 2560w, https:\/\/sekkaworld.com\/wp-content\/uploads\/2019\/02\/Mali-Camii-300x169.jpg 300w, https:\/\/sekkaworld.com\/wp-content\/uploads\/2019\/02\/Mali-Camii-1024x576.jpg 1024w, https:\/\/sekkaworld.com\/wp-content\/uploads\/2019\/02\/Mali-Camii-768x432.jpg 768w, https:\/\/sekkaworld.com\/wp-content\/uploads\/2019\/02\/Mali-Camii-1536x864.jpg 1536w, https:\/\/sekkaworld.com\/wp-content\/uploads\/2019\/02\/Mali-Camii-2048x1152.jpg 2048w\" sizes=\"auto, (max-width: 2560px) 100vw, 2560px\" \/>                            <div class=\"overlay-box\">\r\n                                <div class=\"content\">\r\n                                    <h3>Projet de mosqu\u00e9e au Mali<\/h3>\r\n                                    <div class=\"see-project\">Voir le projet\n <span class=\"fa fa-angle-right\"><\/span><\/div>\r\n                                <\/div>\r\n                            <\/div>\r\n                            <!--Overlay Two-->\r\n                            <div class=\"overlay-two\">\r\n                                <div class=\"overlay-two-inner\">\r\n                                    <div class=\"overlay-two-content\">\r\n                                        <h2><a href=\"https:\/\/sekkaworld.com\/fr\/sekka_proje\/mali-cami-projesi\/\">Projet de mosqu\u00e9e au Mali<\/a><\/h2>\r\n                                        <div class=\"text\">Projet de Mosqu\u00e9e au Mali &nbsp; Projet de mosqu\u00e9e planifi\u00e9 \u00e0 Bamako, con\u00e7u sur une superficie de 80 m\u00b2 avec une capacit\u00e9 de 130 personnes.<\/div>\r\n                                        <a href=\"https:\/\/sekkaworld.com\/fr\/sekka_proje\/mali-cami-projesi\/\" class=\"see-more\">Voir le projet\n <span class=\"fa fa-angle-right\"><\/span><\/a>\r\n                                    <\/div>\r\n                                <\/div>\r\n                            <\/div>\r\n                        <\/div>\r\n                    <\/div>\r\n                <\/div>\r\n                            <\/div>\r\n    \r\n                \r\n        <\/div>\r\n    <\/section>\r\n    <!--End Project Section Two-->\r\n    \r\n\t\t<\/div>\n\t\t\t\t<\/div>\n\t\t\t\t\t<\/div>\n\t\t<\/div>\n\t\t\t\t\t\t\t<\/div>\n\t\t<\/section>\n\t\t\t\t<section class=\"elementor-section elementor-top-section elementor-element elementor-element-c87a60c elementor-section-full_width elementor-section-height-default elementor-section-height-default\" data-id=\"c87a60c\" data-element_type=\"section\">\n\t\t\t\t\t\t<div class=\"elementor-container elementor-column-gap-default\">\n\t\t\t\t\t<div class=\"elementor-column elementor-col-100 elementor-top-column elementor-element elementor-element-485ce82\" data-id=\"485ce82\" data-element_type=\"column\">\n\t\t\t<div class=\"elementor-widget-wrap elementor-element-populated\">\n\t\t\t\t\t\t\t\t<div class=\"elementor-element elementor-element-db8b2b0 elementor-widget elementor-widget-Newsletter\" data-id=\"db8b2b0\" data-element_type=\"widget\" data-widget_type=\"Newsletter.default\">\n\t\t\t\t<div class=\"elementor-widget-container\">\n\t\t\t\r\n<!--Subscribe Section-->\r\n<section class=\"subscribe-section\">\r\n    <div class=\"auto-container\">\r\n        <div class=\"row clearfix\">\r\n            <!--Form Column-->\r\n            <div class=\"title-column col-lg-6 col-md-12 col-sm-12\">\r\n                <h2>VOUS AVEZ BESOIN DE PLUS D\u2019INFORMATION ?<\/h2>\r\n                <div class=\"text\">S\u2019il vous pla\u00eet, envoyez-nous un e-mail, notre \u00e9quipe de support prendra avec vous.<\/div>\r\n                <div class=\"icon-box\">\r\n                    <span class=\"icon flaticon-envelope-1\"><\/span>\r\n                <\/div>\r\n            <\/div>\r\n            <!--Form Column-->\r\n            <div class=\"form-column col-lg-6 col-md-12 col-sm-12\">\r\n                <div class=\"inner-column\">\r\n                    <div class=\"subscribe-form\">\r\n                                            <\/div>\r\n                <\/div>\r\n            <\/div>\r\n        <\/div>\r\n    <\/div>\r\n<\/section>\r\n<!--End Subscribe Section-->\r\n\r\n\t\t<\/div>\n\t\t\t\t<\/div>\n\t\t\t\t\t<\/div>\n\t\t<\/div>\n\t\t\t\t\t\t\t<\/div>\n\t\t<\/section>\n\t\t\t\t\t\t\t<\/div>\n\t\t","protected":false},"excerpt":{"rendered":"<p>Projets Projets en cours Projet complexe au Nigeria Voir le projet Projet complexe au Nigeria Projet complexe au Nigeria Description : Projet complexe comprenant une madrasa, un orphelinat, une mosqu\u00e9e, une salle d&#8217;administration et de r\u00e9union, une salle \u00e0 manger\u2026 Voir le projet Projet de Village au Tchad Voir le projet Projet de Village au [&hellip;]<\/p>\n","protected":false},"author":2,"featured_media":0,"parent":0,"menu_order":0,"comment_status":"closed","ping_status":"closed","template":"tpl-default-elementor.php","meta":{"footnotes":""},"class_list":["post-4372","page","type-page","status-publish","hentry"],"_links":{"self":[{"href":"https:\/\/sekkaworld.com\/fr\/wp-json\/wp\/v2\/pages\/4372","targetHints":{"allow":["GET"]}}],"collection":[{"href":"https:\/\/sekkaworld.com\/fr\/wp-json\/wp\/v2\/pages"}],"about":[{"href":"https:\/\/sekkaworld.com\/fr\/wp-json\/wp\/v2\/types\/page"}],"author":[{"embeddable":true,"href":"https:\/\/sekkaworld.com\/fr\/wp-json\/wp\/v2\/users\/2"}],"replies":[{"embeddable":true,"href":"https:\/\/sekkaworld.com\/fr\/wp-json\/wp\/v2\/comments?post=4372"}],"version-history":[{"count":10,"href":"https:\/\/sekkaworld.com\/fr\/wp-json\/wp\/v2\/pages\/4372\/revisions"}],"predecessor-version":[{"id":4724,"href":"https:\/\/sekkaworld.com\/fr\/wp-json\/wp\/v2\/pages\/4372\/revisions\/4724"}],"wp:attachment":[{"href":"https:\/\/sekkaworld.com\/fr\/wp-json\/wp\/v2\/media?parent=4372"}],"curies":[{"name":"wp","href":"https:\/\/api.w.org\/{rel}","templated":true}]}}