{"id":4449,"date":"2020-10-13T17:21:50","date_gmt":"2020-10-13T17:21:50","guid":{"rendered":"https:\/\/sekkaworld.com\/ekip\/"},"modified":"2025-10-17T08:18:30","modified_gmt":"2025-10-17T08:18:30","slug":"ekip","status":"publish","type":"page","link":"https:\/\/sekkaworld.com\/fr\/ekip\/","title":{"rendered":"Ekip"},"content":{"rendered":"\t\t<div data-elementor-type=\"wp-page\" data-elementor-id=\"4449\" class=\"elementor elementor-4449 elementor-52\">\n\t\t\t\t\t\t\t\t\t<section class=\"elementor-section elementor-top-section elementor-element elementor-element-50153e4 elementor-section-boxed elementor-section-height-default elementor-section-height-default\" data-id=\"50153e4\" data-element_type=\"section\">\n\t\t\t\t\t\t<div class=\"elementor-container elementor-column-gap-default\">\n\t\t\t\t\t<div class=\"elementor-column elementor-col-100 elementor-top-column elementor-element elementor-element-81bbd96\" data-id=\"81bbd96\" data-element_type=\"column\">\n\t\t\t<div class=\"elementor-widget-wrap elementor-element-populated\">\n\t\t\t\t\t\t\t\t\t<\/div>\n\t\t<\/div>\n\t\t\t\t\t\t\t<\/div>\n\t\t<\/section>\n\t\t\t\t<section class=\"elementor-section elementor-top-section elementor-element elementor-element-7136a10 elementor-section-full_width elementor-section-height-default elementor-section-height-default\" data-id=\"7136a10\" data-element_type=\"section\">\n\t\t\t\t\t\t<div class=\"elementor-container elementor-column-gap-default\">\n\t\t\t\t\t<div class=\"elementor-column elementor-col-100 elementor-top-column elementor-element elementor-element-85a1236\" data-id=\"85a1236\" data-element_type=\"column\">\n\t\t\t<div class=\"elementor-widget-wrap elementor-element-populated\">\n\t\t\t\t\t\t\t\t<div class=\"elementor-element elementor-element-8dfc8b9 elementor-widget elementor-widget-Newsletter\" data-id=\"8dfc8b9\" data-element_type=\"widget\" data-widget_type=\"Newsletter.default\">\n\t\t\t\t<div class=\"elementor-widget-container\">\n\t\t\t\r\n<!--Subscribe Section-->\r\n<section class=\"subscribe-section\">\r\n    <div class=\"auto-container\">\r\n        <div class=\"row clearfix\">\r\n            <!--Form Column-->\r\n            <div class=\"title-column col-lg-6 col-md-12 col-sm-12\">\r\n                <h2>Daha fazla bilgiye mi ihtiyac\u0131n\u0131z var?<\/h2>\r\n                <div class=\"text\">L\u00fctfen bize e-posta g\u00f6nderin, destek ekibimiz sizinle ileti\u015fime ge\u00e7ecektir.<\/div>\r\n                <div class=\"icon-box\">\r\n                    <span class=\"icon flaticon-envelope-1\"><\/span>\r\n                <\/div>\r\n            <\/div>\r\n            <!--Form Column-->\r\n            <div class=\"form-column col-lg-6 col-md-12 col-sm-12\">\r\n                <div class=\"inner-column\">\r\n                    <div class=\"subscribe-form\">\r\n                                            <\/div>\r\n                <\/div>\r\n            <\/div>\r\n        <\/div>\r\n    <\/div>\r\n<\/section>\r\n<!--End Subscribe Section-->\r\n\r\n\t\t<\/div>\n\t\t\t\t<\/div>\n\t\t\t\t\t<\/div>\n\t\t<\/div>\n\t\t\t\t\t\t\t<\/div>\n\t\t<\/section>\n\t\t\t\t\t\t\t<\/div>\n\t\t","protected":false},"excerpt":{"rendered":"<p>Sekka World Ekibi \u0130smail G\u00dcLL\u00dc SAHA OPERASYON ( M\u00dcD\u00dcR) Mehmet G\u00dcND\u00dcZ PROJE GEL\u0130\u015eT\u0130RME VE KURUMSAL ORTAKLIK Batuhan Y\u0131ld\u0131r\u0131m PROJE GEL\u0130\u015eT\u0130RME (M\u0130MAR) SERHAT D\u0130N\u00c7SOY DENET\u0130M BEDRETT\u0130N SARE F\u0130NANSAL \u0130\u015eLEMLER TAK\u0130P Youssouf N. \u0130brahim B\u00d6LGE D\u0130REKT\u00d6R\u00dc Ahmet Hulusi B\u00d6LGE D\u0130REKT\u00d6R\u00dc Ahmet \u00c7elik B\u00d6LGE D\u0130REKT\u00d6R\u00dc OUMAR YAHYA GOUDJA B\u00d6LGE D\u0130REKT\u00d6R\u00dc MULHEM FATALOUN PAZARLAMA &amp; SATI\u015e Furkan KILI\u00c7 EVRAK [&hellip;]<\/p>\n","protected":false},"author":1,"featured_media":0,"parent":0,"menu_order":0,"comment_status":"closed","ping_status":"closed","template":"tpl-default-elementor.php","meta":{"footnotes":""},"class_list":["post-4449","page","type-page","status-publish","hentry"],"_links":{"self":[{"href":"https:\/\/sekkaworld.com\/fr\/wp-json\/wp\/v2\/pages\/4449","targetHints":{"allow":["GET"]}}],"collection":[{"href":"https:\/\/sekkaworld.com\/fr\/wp-json\/wp\/v2\/pages"}],"about":[{"href":"https:\/\/sekkaworld.com\/fr\/wp-json\/wp\/v2\/types\/page"}],"author":[{"embeddable":true,"href":"https:\/\/sekkaworld.com\/fr\/wp-json\/wp\/v2\/users\/1"}],"replies":[{"embeddable":true,"href":"https:\/\/sekkaworld.com\/fr\/wp-json\/wp\/v2\/comments?post=4449"}],"version-history":[{"count":1,"href":"https:\/\/sekkaworld.com\/fr\/wp-json\/wp\/v2\/pages\/4449\/revisions"}],"predecessor-version":[{"id":5327,"href":"https:\/\/sekkaworld.com\/fr\/wp-json\/wp\/v2\/pages\/4449\/revisions\/5327"}],"wp:attachment":[{"href":"https:\/\/sekkaworld.com\/fr\/wp-json\/wp\/v2\/media?parent=4449"}],"curies":[{"name":"wp","href":"https:\/\/api.w.org\/{rel}","templated":true}]}}